{"id":146,"date":"2015-03-20T15:35:18","date_gmt":"2015-03-20T15:35:18","guid":{"rendered":"http:\/\/dev.alinedupasquier.info\/?page_id=146"},"modified":"2024-07-25T13:56:11","modified_gmt":"2024-07-25T11:56:11","slug":"cv-contact","status":"publish","type":"page","link":"https:\/\/alinedupasquier.info\/fr\/cv-contact\/","title":{"rendered":"CV \u2767 Contact"},"content":{"rendered":"<p>[et_pb_section fb_built=\u00a0\u00bb1&Prime; _builder_version=\u00a0\u00bb4.16&Prime; global_colors_info=\u00a0\u00bb{}\u00a0\u00bb][et_pb_row column_structure=\u00a0\u00bb1_3,2_3&Prime; _builder_version=\u00a0\u00bb4.16&Prime; background_size=\u00a0\u00bbinitial\u00a0\u00bb background_position=\u00a0\u00bbtop_left\u00a0\u00bb background_repeat=\u00a0\u00bbrepeat\u00a0\u00bb global_colors_info=\u00a0\u00bb{}\u00a0\u00bb][et_pb_column type=\u00a0\u00bb1_3&Prime; _builder_version=\u00a0\u00bb4.16&Prime; custom_padding=\u00a0\u00bb|||\u00a0\u00bb global_colors_info=\u00a0\u00bb{}\u00a0\u00bb custom_padding__hover=\u00a0\u00bb|||\u00a0\u00bb][et_pb_sidebar area=\u00a0\u00bbsidebar-1&Prime; admin_label=\u00a0\u00bbSidebar\u00a0\u00bb _builder_version=\u00a0\u00bb4.16&Prime; global_colors_info=\u00a0\u00bb{}\u00a0\u00bb][\/et_pb_sidebar][et_pb_image src=\u00a0\u00bbhttps:\/\/alinedupasquier.info\/wp-content\/uploads\/2015\/03\/BOBO-EDIT-1014-e1426962595487.jpg\u00a0\u00bb align_tablet=\u00a0\u00bbcenter\u00a0\u00bb align_phone=\u00a0\u00bb\u00a0\u00bb align_last_edited=\u00a0\u00bbon|desktop\u00a0\u00bb admin_label=\u00a0\u00bbImage\u00a0\u00bb _builder_version=\u00a0\u00bb4.16&Prime; animation=\u00a0\u00bboff\u00a0\u00bb sticky=\u00a0\u00bboff\u00a0\u00bb global_colors_info=\u00a0\u00bb{}\u00a0\u00bb][\/et_pb_image][\/et_pb_column][et_pb_column type=\u00a0\u00bb2_3&Prime; _builder_version=\u00a0\u00bb4.16&Prime; custom_padding=\u00a0\u00bb|||\u00a0\u00bb global_colors_info=\u00a0\u00bb{}\u00a0\u00bb custom_padding__hover=\u00a0\u00bb|||\u00a0\u00bb][et_pb_text admin_label=\u00a0\u00bbcv fran\u00e7ais\u00a0\u00bb _builder_version=\u00a0\u00bb4.16&Prime; background_size=\u00a0\u00bbinitial\u00a0\u00bb background_position=\u00a0\u00bbtop_left\u00a0\u00bb background_repeat=\u00a0\u00bbrepeat\u00a0\u00bb global_colors_info=\u00a0\u00bb{}\u00a0\u00bb]<\/p>\n<h1><span style=\"color: #333333;\">CV<\/span><\/h1>\n<p>N\u00e9e \u00e0 Bordeaux, elle fait sa scolarit\u00e9 en Suisse. Apr\u00e8s son baccalaur\u00e9at, elle \u00e9tudie tout d\u2019abord le piano \u00e0 <em>l\u2019Acad\u00e9mie de Musique de la Ville de B\u00e2le<\/em> avec J\u00fcrg Wyttenbach, puis avec Laszlo Gyimesi en classe de virtuosit\u00e9.<\/p>\n<p>Elle se consacre ensuite au chant chez Tiny Westendorp au Conservatoire de Fribourg. Elle participe aussi \u00e0 des masterclasses avec, entre autres, Hugues Cu\u00e9nod, Laura Sarti, Jordi Savall &amp; Montserrat Figueras ainsi que Burga Schwarzbach. Puis elle approfondit ses connaissances de la musique ancienne \u00e0 la <em>Schola Cantorum Basiliensis<\/em> dans la classe d\u2019Evelyn Tubb et dans la classe d\u2019op\u00e9ra.<\/p>\n<p>Concerts et festivals dans divers pays d\u2019Europe l\u2019ont amen\u00e9e \u00e0 chanter avec \u00a0<em>l\u2019Ensemble Cantatio Gen\u00e8ve sous John Duxbury<\/em>, <em>l\u2019Ensemble Baroque du L\u00e9man, la Freitagsakademie, Capriccio Basel, Camerata Basel, A Musicall Banquet, la Capella Murensis et les Cornets noirs, l\u2019orchestre symphonique Trirhenum etc<\/em>&#8230; Elle participe aussi \u00e0 certaines productions des t\u00e9l\u00e9visions suisses et italiennes.<\/p>\n<p>Son r\u00e9pertoire de pr\u00e9dilection comprend la musique sacr\u00e9e de l\u2019\u00e9poque baroque \u00e0 nos jours ainsi que la m\u00e9lodie fran\u00e7aise et le lied romantique allemand. Il n\u2019exclut cependant pas l\u2019op\u00e9ra baroque et classique.<br \/>\n[\/et_pb_text][et_pb_text admin_label=\u00a0\u00bbdivider\u00a0\u00bb _builder_version=\u00a0\u00bb4.16&Prime; background_size=\u00a0\u00bbinitial\u00a0\u00bb background_position=\u00a0\u00bbtop_left\u00a0\u00bb background_repeat=\u00a0\u00bbrepeat\u00a0\u00bb global_colors_info=\u00a0\u00bb{}\u00a0\u00bb]<\/p>\n<hr \/>\n<p>&nbsp;<br \/>\n[\/et_pb_text][et_pb_contact_form email=\u00a0\u00bbaline@alinedupasquier.info\u00a0\u00bb title=\u00a0\u00bbContactez-Moi\u00a0\u00bb admin_label=\u00a0\u00bbContact Form\u00a0\u00bb _builder_version=\u00a0\u00bb4.27.0&Prime; _unique_id=\u00a0\u00bba955628f-1969-46eb-9302-6854e685f987&Prime; hover_enabled=\u00a0\u00bb0&Prime; global_colors_info=\u00a0\u00bb{}\u00a0\u00bb use_spam_service=\u00a0\u00bbon\u00a0\u00bb recaptcha_list=\u00a0\u00bbaline|aline-0&Prime; sticky_enabled=\u00a0\u00bb0&Prime;][et_pb_contact_field field_id=\u00a0\u00bbName\u00a0\u00bb field_title=\u00a0\u00bbName\u00a0\u00bb _builder_version=\u00a0\u00bb4.16&Prime; global_colors_info=\u00a0\u00bb{}\u00a0\u00bb button_text_size__hover_enabled=\u00a0\u00bboff\u00a0\u00bb button_one_text_size__hover_enabled=\u00a0\u00bboff\u00a0\u00bb button_two_text_size__hover_enabled=\u00a0\u00bboff\u00a0\u00bb button_text_color__hover_enabled=\u00a0\u00bboff\u00a0\u00bb button_one_text_color__hover_enabled=\u00a0\u00bboff\u00a0\u00bb button_two_text_color__hover_enabled=\u00a0\u00bboff\u00a0\u00bb button_border_width__hover_enabled=\u00a0\u00bboff\u00a0\u00bb button_one_border_width__hover_enabled=\u00a0\u00bboff\u00a0\u00bb button_two_border_width__hover_enabled=\u00a0\u00bboff\u00a0\u00bb button_border_color__hover_enabled=\u00a0\u00bboff\u00a0\u00bb button_one_border_color__hover_enabled=\u00a0\u00bboff\u00a0\u00bb button_two_border_color__hover_enabled=\u00a0\u00bboff\u00a0\u00bb button_border_radius__hover_enabled=\u00a0\u00bboff\u00a0\u00bb button_one_border_radius__hover_enabled=\u00a0\u00bboff\u00a0\u00bb button_two_border_radius__hover_enabled=\u00a0\u00bboff\u00a0\u00bb button_letter_spacing__hover_enabled=\u00a0\u00bboff\u00a0\u00bb button_one_letter_spacing__hover_enabled=\u00a0\u00bboff\u00a0\u00bb button_two_letter_spacing__hover_enabled=\u00a0\u00bboff\u00a0\u00bb button_bg_color__hover_enabled=\u00a0\u00bboff\u00a0\u00bb button_one_bg_color__hover_enabled=\u00a0\u00bboff\u00a0\u00bb button_two_bg_color__hover_enabled=\u00a0\u00bboff\u00a0\u00bb][\/et_pb_contact_field][et_pb_contact_field field_id=\u00a0\u00bbEmail\u00a0\u00bb field_title=\u00a0\u00bbE-Mail-Adresse\u00a0\u00bb field_type=\u00a0\u00bbemail\u00a0\u00bb _builder_version=\u00a0\u00bb4.16&Prime; global_colors_info=\u00a0\u00bb{}\u00a0\u00bb button_text_size__hover_enabled=\u00a0\u00bboff\u00a0\u00bb button_one_text_size__hover_enabled=\u00a0\u00bboff\u00a0\u00bb button_two_text_size__hover_enabled=\u00a0\u00bboff\u00a0\u00bb button_text_color__hover_enabled=\u00a0\u00bboff\u00a0\u00bb button_one_text_color__hover_enabled=\u00a0\u00bboff\u00a0\u00bb button_two_text_color__hover_enabled=\u00a0\u00bboff\u00a0\u00bb button_border_width__hover_enabled=\u00a0\u00bboff\u00a0\u00bb button_one_border_width__hover_enabled=\u00a0\u00bboff\u00a0\u00bb button_two_border_width__hover_enabled=\u00a0\u00bboff\u00a0\u00bb button_border_color__hover_enabled=\u00a0\u00bboff\u00a0\u00bb button_one_border_color__hover_enabled=\u00a0\u00bboff\u00a0\u00bb button_two_border_color__hover_enabled=\u00a0\u00bboff\u00a0\u00bb button_border_radius__hover_enabled=\u00a0\u00bboff\u00a0\u00bb button_one_border_radius__hover_enabled=\u00a0\u00bboff\u00a0\u00bb button_two_border_radius__hover_enabled=\u00a0\u00bboff\u00a0\u00bb button_letter_spacing__hover_enabled=\u00a0\u00bboff\u00a0\u00bb button_one_letter_spacing__hover_enabled=\u00a0\u00bboff\u00a0\u00bb button_two_letter_spacing__hover_enabled=\u00a0\u00bboff\u00a0\u00bb button_bg_color__hover_enabled=\u00a0\u00bboff\u00a0\u00bb button_one_bg_color__hover_enabled=\u00a0\u00bboff\u00a0\u00bb button_two_bg_color__hover_enabled=\u00a0\u00bboff\u00a0\u00bb][\/et_pb_contact_field][et_pb_contact_field field_id=\u00a0\u00bbMessage\u00a0\u00bb field_title=\u00a0\u00bbNachricht\u00a0\u00bb field_type=\u00a0\u00bbtext\u00a0\u00bb fullwidth_field=\u00a0\u00bbon\u00a0\u00bb _builder_version=\u00a0\u00bb4.16&Prime; global_colors_info=\u00a0\u00bb{}\u00a0\u00bb button_text_size__hover_enabled=\u00a0\u00bboff\u00a0\u00bb button_one_text_size__hover_enabled=\u00a0\u00bboff\u00a0\u00bb button_two_text_size__hover_enabled=\u00a0\u00bboff\u00a0\u00bb button_text_color__hover_enabled=\u00a0\u00bboff\u00a0\u00bb button_one_text_color__hover_enabled=\u00a0\u00bboff\u00a0\u00bb button_two_text_color__hover_enabled=\u00a0\u00bboff\u00a0\u00bb button_border_width__hover_enabled=\u00a0\u00bboff\u00a0\u00bb button_one_border_width__hover_enabled=\u00a0\u00bboff\u00a0\u00bb button_two_border_width__hover_enabled=\u00a0\u00bboff\u00a0\u00bb button_border_color__hover_enabled=\u00a0\u00bboff\u00a0\u00bb button_one_border_color__hover_enabled=\u00a0\u00bboff\u00a0\u00bb button_two_border_color__hover_enabled=\u00a0\u00bboff\u00a0\u00bb button_border_radius__hover_enabled=\u00a0\u00bboff\u00a0\u00bb button_one_border_radius__hover_enabled=\u00a0\u00bboff\u00a0\u00bb button_two_border_radius__hover_enabled=\u00a0\u00bboff\u00a0\u00bb button_letter_spacing__hover_enabled=\u00a0\u00bboff\u00a0\u00bb button_one_letter_spacing__hover_enabled=\u00a0\u00bboff\u00a0\u00bb button_two_letter_spacing__hover_enabled=\u00a0\u00bboff\u00a0\u00bb button_bg_color__hover_enabled=\u00a0\u00bboff\u00a0\u00bb button_one_bg_color__hover_enabled=\u00a0\u00bboff\u00a0\u00bb button_two_bg_color__hover_enabled=\u00a0\u00bboff\u00a0\u00bb][\/et_pb_contact_field][\/et_pb_contact_form][\/et_pb_column][\/et_pb_row][\/et_pb_section]<\/p>\n","protected":false},"excerpt":{"rendered":"<p>CV N\u00e9e \u00e0 Bordeaux, elle fait sa scolarit\u00e9 en Suisse. Apr\u00e8s son baccalaur\u00e9at, elle \u00e9tudie tout d\u2019abord le piano \u00e0 l\u2019Acad\u00e9mie de Musique de la Ville de B\u00e2le avec J\u00fcrg Wyttenbach, puis avec Laszlo Gyimesi en classe de virtuosit\u00e9. Elle se consacre ensuite au chant chez Tiny Westendorp au Conservatoire de Fribourg. Elle participe aussi [&hellip;]<\/p>\n","protected":false},"author":1,"featured_media":0,"parent":0,"menu_order":0,"comment_status":"closed","ping_status":"closed","template":"","meta":{"_et_pb_use_builder":"on","_et_pb_old_content":"","_et_gb_content_width":"","_exactmetrics_skip_tracking":false,"_exactmetrics_sitenote_active":false,"_exactmetrics_sitenote_note":"","_exactmetrics_sitenote_category":0,"footnotes":""},"class_list":["post-146","page","type-page","status-publish","hentry"],"yoast_head":"<!-- This site is optimized with the Yoast SEO plugin v27.4 - https:\/\/yoast.com\/product\/yoast-seo-wordpress\/ -->\n<title>CV \u2767 Contact - Aline Du Pasquier<\/title>\n<meta name=\"robots\" content=\"index, follow, max-snippet:-1, max-image-preview:large, max-video-preview:-1\" \/>\n<link rel=\"canonical\" href=\"https:\/\/alinedupasquier.info\/fr\/cv-contact\/\" \/>\n<meta property=\"og:locale\" content=\"fr_FR\" \/>\n<meta property=\"og:type\" content=\"article\" \/>\n<meta property=\"og:title\" content=\"CV \u2767 Contact - Aline Du Pasquier\" \/>\n<meta property=\"og:description\" content=\"CV N\u00e9e \u00e0 Bordeaux, elle fait sa scolarit\u00e9 en Suisse. Apr\u00e8s son baccalaur\u00e9at, elle \u00e9tudie tout d\u2019abord le piano \u00e0 l\u2019Acad\u00e9mie de Musique de la Ville de B\u00e2le avec J\u00fcrg Wyttenbach, puis avec Laszlo Gyimesi en classe de virtuosit\u00e9. Elle se consacre ensuite au chant chez Tiny Westendorp au Conservatoire de Fribourg. Elle participe aussi [&hellip;]\" \/>\n<meta property=\"og:url\" content=\"https:\/\/alinedupasquier.info\/fr\/cv-contact\/\" \/>\n<meta property=\"og:site_name\" content=\"Aline Du Pasquier\" \/>\n<meta property=\"article:modified_time\" content=\"2024-07-25T11:56:11+00:00\" \/>\n<meta name=\"twitter:card\" content=\"summary_large_image\" \/>\n<meta name=\"twitter:label1\" content=\"Dur\u00e9e de lecture estim\u00e9e\" \/>\n\t<meta name=\"twitter:data1\" content=\"5 minutes\" \/>\n<script type=\"application\/ld+json\" class=\"yoast-schema-graph\">{\"@context\":\"https:\\\/\\\/schema.org\",\"@graph\":[{\"@type\":\"WebPage\",\"@id\":\"https:\\\/\\\/alinedupasquier.info\\\/fr\\\/cv-contact\\\/\",\"url\":\"https:\\\/\\\/alinedupasquier.info\\\/fr\\\/cv-contact\\\/\",\"name\":\"CV \u2767 Contact - Aline Du Pasquier\",\"isPartOf\":{\"@id\":\"https:\\\/\\\/alinedupasquier.info\\\/en\\\/#website\"},\"datePublished\":\"2015-03-20T15:35:18+00:00\",\"dateModified\":\"2024-07-25T11:56:11+00:00\",\"breadcrumb\":{\"@id\":\"https:\\\/\\\/alinedupasquier.info\\\/fr\\\/cv-contact\\\/#breadcrumb\"},\"inLanguage\":\"fr-FR\",\"potentialAction\":[{\"@type\":\"ReadAction\",\"target\":[\"https:\\\/\\\/alinedupasquier.info\\\/fr\\\/cv-contact\\\/\"]}]},{\"@type\":\"BreadcrumbList\",\"@id\":\"https:\\\/\\\/alinedupasquier.info\\\/fr\\\/cv-contact\\\/#breadcrumb\",\"itemListElement\":[{\"@type\":\"ListItem\",\"position\":1,\"name\":\"Startseite\",\"item\":\"https:\\\/\\\/alinedupasquier.info\\\/fr\\\/\"},{\"@type\":\"ListItem\",\"position\":2,\"name\":\"CV \u2767 Contact\"}]},{\"@type\":\"WebSite\",\"@id\":\"https:\\\/\\\/alinedupasquier.info\\\/en\\\/#website\",\"url\":\"https:\\\/\\\/alinedupasquier.info\\\/en\\\/\",\"name\":\"Aline Du Pasquier \u2022 soprano\",\"description\":\"soprano\",\"publisher\":{\"@id\":\"https:\\\/\\\/alinedupasquier.info\\\/en\\\/#\\\/schema\\\/person\\\/d4f0e1e57034da64a5601c8fd4702c92\"},\"potentialAction\":[{\"@type\":\"SearchAction\",\"target\":{\"@type\":\"EntryPoint\",\"urlTemplate\":\"https:\\\/\\\/alinedupasquier.info\\\/en\\\/?s={search_term_string}\"},\"query-input\":{\"@type\":\"PropertyValueSpecification\",\"valueRequired\":true,\"valueName\":\"search_term_string\"}}],\"inLanguage\":\"fr-FR\"},{\"@type\":[\"Person\",\"Organization\"],\"@id\":\"https:\\\/\\\/alinedupasquier.info\\\/en\\\/#\\\/schema\\\/person\\\/d4f0e1e57034da64a5601c8fd4702c92\",\"name\":\"Aline Du Pasquier\",\"image\":{\"@type\":\"ImageObject\",\"inLanguage\":\"fr-FR\",\"@id\":\"https:\\\/\\\/secure.gravatar.com\\\/avatar\\\/048959dd99598e7c7d82135ad22edaeb60d29e3e7bcb8c19ec9a7076eafa884d?s=96&d=mm&r=g\",\"url\":\"https:\\\/\\\/secure.gravatar.com\\\/avatar\\\/048959dd99598e7c7d82135ad22edaeb60d29e3e7bcb8c19ec9a7076eafa884d?s=96&d=mm&r=g\",\"contentUrl\":\"https:\\\/\\\/secure.gravatar.com\\\/avatar\\\/048959dd99598e7c7d82135ad22edaeb60d29e3e7bcb8c19ec9a7076eafa884d?s=96&d=mm&r=g\",\"caption\":\"Aline Du Pasquier\"},\"logo\":{\"@id\":\"https:\\\/\\\/secure.gravatar.com\\\/avatar\\\/048959dd99598e7c7d82135ad22edaeb60d29e3e7bcb8c19ec9a7076eafa884d?s=96&d=mm&r=g\"},\"sameAs\":[\"https:\\\/\\\/alinedupasquier.info\"]}]}<\/script>\n<!-- \/ Yoast SEO plugin. -->","yoast_head_json":{"title":"CV \u2767 Contact - Aline Du Pasquier","robots":{"index":"index","follow":"follow","max-snippet":"max-snippet:-1","max-image-preview":"max-image-preview:large","max-video-preview":"max-video-preview:-1"},"canonical":"https:\/\/alinedupasquier.info\/fr\/cv-contact\/","og_locale":"fr_FR","og_type":"article","og_title":"CV \u2767 Contact - Aline Du Pasquier","og_description":"CV N\u00e9e \u00e0 Bordeaux, elle fait sa scolarit\u00e9 en Suisse. Apr\u00e8s son baccalaur\u00e9at, elle \u00e9tudie tout d\u2019abord le piano \u00e0 l\u2019Acad\u00e9mie de Musique de la Ville de B\u00e2le avec J\u00fcrg Wyttenbach, puis avec Laszlo Gyimesi en classe de virtuosit\u00e9. Elle se consacre ensuite au chant chez Tiny Westendorp au Conservatoire de Fribourg. Elle participe aussi [&hellip;]","og_url":"https:\/\/alinedupasquier.info\/fr\/cv-contact\/","og_site_name":"Aline Du Pasquier","article_modified_time":"2024-07-25T11:56:11+00:00","twitter_card":"summary_large_image","twitter_misc":{"Dur\u00e9e de lecture estim\u00e9e":"5 minutes"},"schema":{"@context":"https:\/\/schema.org","@graph":[{"@type":"WebPage","@id":"https:\/\/alinedupasquier.info\/fr\/cv-contact\/","url":"https:\/\/alinedupasquier.info\/fr\/cv-contact\/","name":"CV \u2767 Contact - Aline Du Pasquier","isPartOf":{"@id":"https:\/\/alinedupasquier.info\/en\/#website"},"datePublished":"2015-03-20T15:35:18+00:00","dateModified":"2024-07-25T11:56:11+00:00","breadcrumb":{"@id":"https:\/\/alinedupasquier.info\/fr\/cv-contact\/#breadcrumb"},"inLanguage":"fr-FR","potentialAction":[{"@type":"ReadAction","target":["https:\/\/alinedupasquier.info\/fr\/cv-contact\/"]}]},{"@type":"BreadcrumbList","@id":"https:\/\/alinedupasquier.info\/fr\/cv-contact\/#breadcrumb","itemListElement":[{"@type":"ListItem","position":1,"name":"Startseite","item":"https:\/\/alinedupasquier.info\/fr\/"},{"@type":"ListItem","position":2,"name":"CV \u2767 Contact"}]},{"@type":"WebSite","@id":"https:\/\/alinedupasquier.info\/en\/#website","url":"https:\/\/alinedupasquier.info\/en\/","name":"Aline Du Pasquier \u2022 soprano","description":"soprano","publisher":{"@id":"https:\/\/alinedupasquier.info\/en\/#\/schema\/person\/d4f0e1e57034da64a5601c8fd4702c92"},"potentialAction":[{"@type":"SearchAction","target":{"@type":"EntryPoint","urlTemplate":"https:\/\/alinedupasquier.info\/en\/?s={search_term_string}"},"query-input":{"@type":"PropertyValueSpecification","valueRequired":true,"valueName":"search_term_string"}}],"inLanguage":"fr-FR"},{"@type":["Person","Organization"],"@id":"https:\/\/alinedupasquier.info\/en\/#\/schema\/person\/d4f0e1e57034da64a5601c8fd4702c92","name":"Aline Du Pasquier","image":{"@type":"ImageObject","inLanguage":"fr-FR","@id":"https:\/\/secure.gravatar.com\/avatar\/048959dd99598e7c7d82135ad22edaeb60d29e3e7bcb8c19ec9a7076eafa884d?s=96&d=mm&r=g","url":"https:\/\/secure.gravatar.com\/avatar\/048959dd99598e7c7d82135ad22edaeb60d29e3e7bcb8c19ec9a7076eafa884d?s=96&d=mm&r=g","contentUrl":"https:\/\/secure.gravatar.com\/avatar\/048959dd99598e7c7d82135ad22edaeb60d29e3e7bcb8c19ec9a7076eafa884d?s=96&d=mm&r=g","caption":"Aline Du Pasquier"},"logo":{"@id":"https:\/\/secure.gravatar.com\/avatar\/048959dd99598e7c7d82135ad22edaeb60d29e3e7bcb8c19ec9a7076eafa884d?s=96&d=mm&r=g"},"sameAs":["https:\/\/alinedupasquier.info"]}]}},"_links":{"self":[{"href":"https:\/\/alinedupasquier.info\/fr\/wp-json\/wp\/v2\/pages\/146","targetHints":{"allow":["GET"]}}],"collection":[{"href":"https:\/\/alinedupasquier.info\/fr\/wp-json\/wp\/v2\/pages"}],"about":[{"href":"https:\/\/alinedupasquier.info\/fr\/wp-json\/wp\/v2\/types\/page"}],"author":[{"embeddable":true,"href":"https:\/\/alinedupasquier.info\/fr\/wp-json\/wp\/v2\/users\/1"}],"replies":[{"embeddable":true,"href":"https:\/\/alinedupasquier.info\/fr\/wp-json\/wp\/v2\/comments?post=146"}],"version-history":[{"count":1,"href":"https:\/\/alinedupasquier.info\/fr\/wp-json\/wp\/v2\/pages\/146\/revisions"}],"predecessor-version":[{"id":2912,"href":"https:\/\/alinedupasquier.info\/fr\/wp-json\/wp\/v2\/pages\/146\/revisions\/2912"}],"wp:attachment":[{"href":"https:\/\/alinedupasquier.info\/fr\/wp-json\/wp\/v2\/media?parent=146"}],"curies":[{"name":"wp","href":"https:\/\/api.w.org\/{rel}","templated":true}]}}