{"id":156,"date":"2015-03-20T15:46:24","date_gmt":"2015-03-20T15:46:24","guid":{"rendered":"http:\/\/dev.alinedupasquier.info\/?page_id=156"},"modified":"2019-02-27T04:25:46","modified_gmt":"2019-02-27T03:25:46","slug":"programmes","status":"publish","type":"page","link":"https:\/\/alinedupasquier.info\/fr\/programmes\/","title":{"rendered":"Programmes"},"content":{"rendered":"<p>[et_pb_section fb_built=\u00a0\u00bb1&Prime; admin_label=\u00a0\u00bbsection\u00a0\u00bb _builder_version=\u00a0\u00bb3.0.47&Prime;][et_pb_row admin_label=\u00a0\u00bbrow\u00a0\u00bb _builder_version=\u00a0\u00bb3.0.48&Prime; background_size=\u00a0\u00bbinitial\u00a0\u00bb background_position=\u00a0\u00bbtop_left\u00a0\u00bb background_repeat=\u00a0\u00bbrepeat\u00a0\u00bb][et_pb_column type=\u00a0\u00bb1_3&Prime; _builder_version=\u00a0\u00bb3.0.47&Prime;][et_pb_sidebar area=\u00a0\u00bbsidebar-1&Prime; admin_label=\u00a0\u00bbSidebar\u00a0\u00bb _builder_version=\u00a0\u00bb3.0.74&Prime;] [\/et_pb_sidebar][et_pb_image src=\u00a0\u00bbhttps:\/\/alinedupasquier.info\/wp-content\/uploads\/2015\/03\/bg-pattern.png\u00a0\u00bb admin_label=\u00a0\u00bbImage\u00a0\u00bb _builder_version=\u00a0\u00bb3.19.14&Prime; animation=\u00a0\u00bboff\u00a0\u00bb sticky=\u00a0\u00bboff\u00a0\u00bb disabled_on=\u00a0\u00bbon|on|off\u00a0\u00bb] [\/et_pb_image][\/et_pb_column][et_pb_column type=\u00a0\u00bb2_3&Prime; _builder_version=\u00a0\u00bb3.0.47&Prime;][et_pb_text admin_label=\u00a0\u00bbProgramme Proposals\u00a0\u00bb _builder_version=\u00a0\u00bb3.0.74&Prime; background_size=\u00a0\u00bbinitial\u00a0\u00bb background_position=\u00a0\u00bbtop_left\u00a0\u00bb background_repeat=\u00a0\u00bbrepeat\u00a0\u00bb]<\/p>\n<h1>Programmes Propos\u00e9s<\/h1>\n<p>[\/et_pb_text][et_pb_text admin_label=\u00a0\u00bb\u201cBrahms- Tsigane\u201d\u00a0\u00bb _builder_version=\u00a0\u00bb3.0.87&Prime; background_size=\u00a0\u00bbinitial\u00a0\u00bb background_position=\u00a0\u00bbtop_left\u00a0\u00bb background_repeat=\u00a0\u00bbrepeat\u00a0\u00bb use_border_color=\u00a0\u00bboff\u00a0\u00bb border_color=\u00a0\u00bb#ffffff\u00a0\u00bb border_style=\u00a0\u00bbsolid\u00a0\u00bb]<\/p>\n<h3><strong>\u00ab Brahms-Tzigane \u00bb<\/strong><\/h3>\n<p>Ce programme ram\u00e8ne les Lieder de Brahms \u00e0 leurs racines tsiganes. Arrangements par Marc H\u00e4nsenberger avec pi\u00e8ces instrumentales tsiganes ainsi que des compositions d&rsquo;apr\u00e8s des po\u00e8mes de Rainer Frei.<\/p>\n<p><a href=\"https:\/\/alinedupasquier.info\/wp-content\/uploads\/2017\/02\/Bildschirmfoto-2017-02-01-um-11.25.43-1.jpg\"><img decoding=\"async\" class=\"alignleft size-large wp-image-1772\" src=\"https:\/\/alinedupasquier.info\/wp-content\/uploads\/2017\/02\/Bildschirmfoto-2017-02-01-um-11.25.43-1-1024x824.jpg\" alt=\"\" width=\"1024\" height=\"824\" srcset=\"https:\/\/alinedupasquier.info\/wp-content\/uploads\/2017\/02\/Bildschirmfoto-2017-02-01-um-11.25.43-1-1024x824.jpg 1024w, https:\/\/alinedupasquier.info\/wp-content\/uploads\/2017\/02\/Bildschirmfoto-2017-02-01-um-11.25.43-1-300x241.jpg 300w, https:\/\/alinedupasquier.info\/wp-content\/uploads\/2017\/02\/Bildschirmfoto-2017-02-01-um-11.25.43-1-768x618.jpg 768w, https:\/\/alinedupasquier.info\/wp-content\/uploads\/2017\/02\/Bildschirmfoto-2017-02-01-um-11.25.43-1-1080x869.jpg 1080w, https:\/\/alinedupasquier.info\/wp-content\/uploads\/2017\/02\/Bildschirmfoto-2017-02-01-um-11.25.43-1.jpg 1788w\" sizes=\"(max-width: 1024px) 100vw, 1024px\" \/><\/a><\/p>\n<p>Avec Aline Du Pasquier,<em> soprano<br \/>\n<\/em><a href=\"http:\/\/www.simili.ch\/\">Juliette Du Pasquier<\/a>,<em>\u00a0violon<br \/>\n<\/em><a href=\"http:\/\/www.simili.ch\/\">Marc H\u00e4nsenberger<\/a>, <em>\u00a0piano, accord\u00e9on<br \/>\n<\/em>Ioanes Vogele,\u00a0<em>chant &amp; guitare<\/em><br \/>\n[\/et_pb_text][et_pb_text admin_label=\u00a0\u00bbCD Brahtzi\u00a0\u00bb _builder_version=\u00a0\u00bb3.8&Prime; background_size=\u00a0\u00bbinitial\u00a0\u00bb background_position=\u00a0\u00bbtop_left\u00a0\u00bb background_repeat=\u00a0\u00bbrepeat\u00a0\u00bb custom_padding=\u00a0\u00bb||20px|\u00a0\u00bb use_border_color=\u00a0\u00bboff\u00a0\u00bb border_color=\u00a0\u00bb#ffffff\u00a0\u00bb border_style=\u00a0\u00bbsolid\u00a0\u00bb]<\/p>\n<h3><em>Le CD\u00a0du programme :<\/em><\/h3>\n<h3><em><a href=\"https:\/\/alinedupasquier.info\/fr\/cd-brahms-tzigane\/\"><img decoding=\"async\" src=\"https:\/\/alinedupasquier.info\/wp-content\/uploads\/2015\/03\/Brahms-Umschlag-8.9.15-1024x914.jpg\" width=\"212\" height=\"190\" alt=\"\" class=\"wp-image-1124 alignleft size-large\" style=\"float: left;\" srcset=\"https:\/\/alinedupasquier.info\/wp-content\/uploads\/2015\/03\/Brahms-Umschlag-8.9.15-1024x914.jpg 1024w, https:\/\/alinedupasquier.info\/wp-content\/uploads\/2015\/03\/Brahms-Umschlag-8.9.15-300x268.jpg 300w, https:\/\/alinedupasquier.info\/wp-content\/uploads\/2015\/03\/Brahms-Umschlag-8.9.15-1080x964.jpg 1080w\" sizes=\"(max-width: 212px) 100vw, 212px\" \/><\/a><br \/><\/em><\/h3>\n<p>&nbsp;<\/p>\n<p>&nbsp;<\/p>\n<p>&nbsp;<\/p>\n<p><a href=\"https:\/\/alinedupasquier.info\/fr\/cd-brahms-tzigane\/\"><\/a><\/p>\n<p>\u00a0<span style=\"font-size: 18px;\">\u00a0<\/span><a href=\"https:\/\/alinedupasquier.info\/fr\/cd-brahms-tzigane\/\" style=\"font-size: 18px;\">\u2026en savoir plus<\/a><span style=\"font-size: 18px;\">\u00a0<\/span><\/p>\n<p>[\/et_pb_text][et_pb_video src=\u00a0\u00bbhttps:\/\/youtu.be\/7Mtt8w-zqt4&Prime; admin_label=\u00a0\u00bbVideo Brahtzi Teaser\u00a0\u00bb _builder_version=\u00a0\u00bb3.0.47&Prime;] [\/et_pb_video][et_pb_video src=\u00a0\u00bbhttps:\/\/youtu.be\/uqEu48GzEA8&Prime; admin_label=\u00a0\u00bbVideo Feinsliebchen\u00a0\u00bb _builder_version=\u00a0\u00bb3.0.47&Prime;] [\/et_pb_video][et_pb_video src=\u00a0\u00bbhttps:\/\/youtu.be\/h7_IaAY9smE\u00a0\u00bb admin_label=\u00a0\u00bbVideo he zigeuner\u00a0\u00bb _builder_version=\u00a0\u00bb3.0.47&Prime;] [\/et_pb_video][\/et_pb_column][\/et_pb_row][\/et_pb_section]<\/p>\n","protected":false},"excerpt":{"rendered":"<p>Programmes Propos\u00e9s \u00ab Brahms-Tzigane \u00bb Ce programme ram\u00e8ne les Lieder de Brahms \u00e0 leurs racines tsiganes. Arrangements par Marc H\u00e4nsenberger avec pi\u00e8ces instrumentales tsiganes ainsi que des compositions d&rsquo;apr\u00e8s des po\u00e8mes de Rainer Frei. Avec Aline Du Pasquier, soprano Juliette Du Pasquier,\u00a0violon Marc H\u00e4nsenberger, \u00a0piano, accord\u00e9on Ioanes Vogele,\u00a0chant &amp; guitare Le CD\u00a0du programme : &nbsp; [&hellip;]<\/p>\n","protected":false},"author":1,"featured_media":0,"parent":0,"menu_order":0,"comment_status":"closed","ping_status":"closed","template":"","meta":{"_et_pb_use_builder":"on","_et_pb_old_content":"","_et_gb_content_width":"","_exactmetrics_skip_tracking":false,"_exactmetrics_sitenote_active":false,"_exactmetrics_sitenote_note":"","_exactmetrics_sitenote_category":0,"footnotes":""},"class_list":["post-156","page","type-page","status-publish","hentry"],"yoast_head":"<!-- This site is optimized with the Yoast SEO plugin v27.4 - https:\/\/yoast.com\/product\/yoast-seo-wordpress\/ -->\n<title>Programmes - Aline Du Pasquier<\/title>\n<meta name=\"robots\" content=\"index, follow, max-snippet:-1, max-image-preview:large, max-video-preview:-1\" \/>\n<link rel=\"canonical\" href=\"https:\/\/alinedupasquier.info\/fr\/programmes\/\" \/>\n<meta property=\"og:locale\" content=\"fr_FR\" \/>\n<meta property=\"og:type\" content=\"article\" \/>\n<meta property=\"og:title\" content=\"Programmes - Aline Du Pasquier\" \/>\n<meta property=\"og:description\" content=\"Programmes Propos\u00e9s \u00ab Brahms-Tzigane \u00bb Ce programme ram\u00e8ne les Lieder de Brahms \u00e0 leurs racines tsiganes. Arrangements par Marc H\u00e4nsenberger avec pi\u00e8ces instrumentales tsiganes ainsi que des compositions d&#039;apr\u00e8s des po\u00e8mes de Rainer Frei. Avec Aline Du Pasquier, soprano Juliette Du Pasquier,\u00a0violon Marc H\u00e4nsenberger, \u00a0piano, accord\u00e9on Ioanes Vogele,\u00a0chant &amp; guitare Le CD\u00a0du programme : &nbsp; [&hellip;]\" \/>\n<meta property=\"og:url\" content=\"https:\/\/alinedupasquier.info\/fr\/programmes\/\" \/>\n<meta property=\"og:site_name\" content=\"Aline Du Pasquier\" \/>\n<meta property=\"article:modified_time\" content=\"2019-02-27T03:25:46+00:00\" \/>\n<meta property=\"og:image\" content=\"https:\/\/alinedupasquier.info\/wp-content\/uploads\/2017\/02\/Bildschirmfoto-2017-02-01-um-11.25.43-1-1024x824.jpg\" \/>\n<meta name=\"twitter:card\" content=\"summary_large_image\" \/>\n<meta name=\"twitter:label1\" content=\"Dur\u00e9e de lecture estim\u00e9e\" \/>\n\t<meta name=\"twitter:data1\" content=\"2 minutes\" \/>\n<script type=\"application\/ld+json\" class=\"yoast-schema-graph\">{\"@context\":\"https:\\\/\\\/schema.org\",\"@graph\":[{\"@type\":\"WebPage\",\"@id\":\"https:\\\/\\\/alinedupasquier.info\\\/fr\\\/programmes\\\/\",\"url\":\"https:\\\/\\\/alinedupasquier.info\\\/fr\\\/programmes\\\/\",\"name\":\"Programmes - Aline Du Pasquier\",\"isPartOf\":{\"@id\":\"https:\\\/\\\/alinedupasquier.info\\\/en\\\/#website\"},\"primaryImageOfPage\":{\"@id\":\"https:\\\/\\\/alinedupasquier.info\\\/fr\\\/programmes\\\/#primaryimage\"},\"image\":{\"@id\":\"https:\\\/\\\/alinedupasquier.info\\\/fr\\\/programmes\\\/#primaryimage\"},\"thumbnailUrl\":\"https:\\\/\\\/alinedupasquier.info\\\/wp-content\\\/uploads\\\/2017\\\/02\\\/Bildschirmfoto-2017-02-01-um-11.25.43-1-1024x824.jpg\",\"datePublished\":\"2015-03-20T15:46:24+00:00\",\"dateModified\":\"2019-02-27T03:25:46+00:00\",\"breadcrumb\":{\"@id\":\"https:\\\/\\\/alinedupasquier.info\\\/fr\\\/programmes\\\/#breadcrumb\"},\"inLanguage\":\"fr-FR\",\"potentialAction\":[{\"@type\":\"ReadAction\",\"target\":[\"https:\\\/\\\/alinedupasquier.info\\\/fr\\\/programmes\\\/\"]}]},{\"@type\":\"ImageObject\",\"inLanguage\":\"fr-FR\",\"@id\":\"https:\\\/\\\/alinedupasquier.info\\\/fr\\\/programmes\\\/#primaryimage\",\"url\":\"https:\\\/\\\/alinedupasquier.info\\\/wp-content\\\/uploads\\\/2017\\\/02\\\/Bildschirmfoto-2017-02-01-um-11.25.43-1-1024x824.jpg\",\"contentUrl\":\"https:\\\/\\\/alinedupasquier.info\\\/wp-content\\\/uploads\\\/2017\\\/02\\\/Bildschirmfoto-2017-02-01-um-11.25.43-1-1024x824.jpg\"},{\"@type\":\"BreadcrumbList\",\"@id\":\"https:\\\/\\\/alinedupasquier.info\\\/fr\\\/programmes\\\/#breadcrumb\",\"itemListElement\":[{\"@type\":\"ListItem\",\"position\":1,\"name\":\"Startseite\",\"item\":\"https:\\\/\\\/alinedupasquier.info\\\/fr\\\/\"},{\"@type\":\"ListItem\",\"position\":2,\"name\":\"Programmes\"}]},{\"@type\":\"WebSite\",\"@id\":\"https:\\\/\\\/alinedupasquier.info\\\/en\\\/#website\",\"url\":\"https:\\\/\\\/alinedupasquier.info\\\/en\\\/\",\"name\":\"Aline Du Pasquier \u2022 soprano\",\"description\":\"soprano\",\"publisher\":{\"@id\":\"https:\\\/\\\/alinedupasquier.info\\\/en\\\/#\\\/schema\\\/person\\\/d4f0e1e57034da64a5601c8fd4702c92\"},\"potentialAction\":[{\"@type\":\"SearchAction\",\"target\":{\"@type\":\"EntryPoint\",\"urlTemplate\":\"https:\\\/\\\/alinedupasquier.info\\\/en\\\/?s={search_term_string}\"},\"query-input\":{\"@type\":\"PropertyValueSpecification\",\"valueRequired\":true,\"valueName\":\"search_term_string\"}}],\"inLanguage\":\"fr-FR\"},{\"@type\":[\"Person\",\"Organization\"],\"@id\":\"https:\\\/\\\/alinedupasquier.info\\\/en\\\/#\\\/schema\\\/person\\\/d4f0e1e57034da64a5601c8fd4702c92\",\"name\":\"Aline Du Pasquier\",\"image\":{\"@type\":\"ImageObject\",\"inLanguage\":\"fr-FR\",\"@id\":\"https:\\\/\\\/secure.gravatar.com\\\/avatar\\\/048959dd99598e7c7d82135ad22edaeb60d29e3e7bcb8c19ec9a7076eafa884d?s=96&d=mm&r=g\",\"url\":\"https:\\\/\\\/secure.gravatar.com\\\/avatar\\\/048959dd99598e7c7d82135ad22edaeb60d29e3e7bcb8c19ec9a7076eafa884d?s=96&d=mm&r=g\",\"contentUrl\":\"https:\\\/\\\/secure.gravatar.com\\\/avatar\\\/048959dd99598e7c7d82135ad22edaeb60d29e3e7bcb8c19ec9a7076eafa884d?s=96&d=mm&r=g\",\"caption\":\"Aline Du Pasquier\"},\"logo\":{\"@id\":\"https:\\\/\\\/secure.gravatar.com\\\/avatar\\\/048959dd99598e7c7d82135ad22edaeb60d29e3e7bcb8c19ec9a7076eafa884d?s=96&d=mm&r=g\"},\"sameAs\":[\"https:\\\/\\\/alinedupasquier.info\"]}]}<\/script>\n<!-- \/ Yoast SEO plugin. -->","yoast_head_json":{"title":"Programmes - Aline Du Pasquier","robots":{"index":"index","follow":"follow","max-snippet":"max-snippet:-1","max-image-preview":"max-image-preview:large","max-video-preview":"max-video-preview:-1"},"canonical":"https:\/\/alinedupasquier.info\/fr\/programmes\/","og_locale":"fr_FR","og_type":"article","og_title":"Programmes - Aline Du Pasquier","og_description":"Programmes Propos\u00e9s \u00ab Brahms-Tzigane \u00bb Ce programme ram\u00e8ne les Lieder de Brahms \u00e0 leurs racines tsiganes. Arrangements par Marc H\u00e4nsenberger avec pi\u00e8ces instrumentales tsiganes ainsi que des compositions d'apr\u00e8s des po\u00e8mes de Rainer Frei. Avec Aline Du Pasquier, soprano Juliette Du Pasquier,\u00a0violon Marc H\u00e4nsenberger, \u00a0piano, accord\u00e9on Ioanes Vogele,\u00a0chant &amp; guitare Le CD\u00a0du programme : &nbsp; [&hellip;]","og_url":"https:\/\/alinedupasquier.info\/fr\/programmes\/","og_site_name":"Aline Du Pasquier","article_modified_time":"2019-02-27T03:25:46+00:00","og_image":[{"url":"https:\/\/alinedupasquier.info\/wp-content\/uploads\/2017\/02\/Bildschirmfoto-2017-02-01-um-11.25.43-1-1024x824.jpg","type":"","width":"","height":""}],"twitter_card":"summary_large_image","twitter_misc":{"Dur\u00e9e de lecture estim\u00e9e":"2 minutes"},"schema":{"@context":"https:\/\/schema.org","@graph":[{"@type":"WebPage","@id":"https:\/\/alinedupasquier.info\/fr\/programmes\/","url":"https:\/\/alinedupasquier.info\/fr\/programmes\/","name":"Programmes - Aline Du Pasquier","isPartOf":{"@id":"https:\/\/alinedupasquier.info\/en\/#website"},"primaryImageOfPage":{"@id":"https:\/\/alinedupasquier.info\/fr\/programmes\/#primaryimage"},"image":{"@id":"https:\/\/alinedupasquier.info\/fr\/programmes\/#primaryimage"},"thumbnailUrl":"https:\/\/alinedupasquier.info\/wp-content\/uploads\/2017\/02\/Bildschirmfoto-2017-02-01-um-11.25.43-1-1024x824.jpg","datePublished":"2015-03-20T15:46:24+00:00","dateModified":"2019-02-27T03:25:46+00:00","breadcrumb":{"@id":"https:\/\/alinedupasquier.info\/fr\/programmes\/#breadcrumb"},"inLanguage":"fr-FR","potentialAction":[{"@type":"ReadAction","target":["https:\/\/alinedupasquier.info\/fr\/programmes\/"]}]},{"@type":"ImageObject","inLanguage":"fr-FR","@id":"https:\/\/alinedupasquier.info\/fr\/programmes\/#primaryimage","url":"https:\/\/alinedupasquier.info\/wp-content\/uploads\/2017\/02\/Bildschirmfoto-2017-02-01-um-11.25.43-1-1024x824.jpg","contentUrl":"https:\/\/alinedupasquier.info\/wp-content\/uploads\/2017\/02\/Bildschirmfoto-2017-02-01-um-11.25.43-1-1024x824.jpg"},{"@type":"BreadcrumbList","@id":"https:\/\/alinedupasquier.info\/fr\/programmes\/#breadcrumb","itemListElement":[{"@type":"ListItem","position":1,"name":"Startseite","item":"https:\/\/alinedupasquier.info\/fr\/"},{"@type":"ListItem","position":2,"name":"Programmes"}]},{"@type":"WebSite","@id":"https:\/\/alinedupasquier.info\/en\/#website","url":"https:\/\/alinedupasquier.info\/en\/","name":"Aline Du Pasquier \u2022 soprano","description":"soprano","publisher":{"@id":"https:\/\/alinedupasquier.info\/en\/#\/schema\/person\/d4f0e1e57034da64a5601c8fd4702c92"},"potentialAction":[{"@type":"SearchAction","target":{"@type":"EntryPoint","urlTemplate":"https:\/\/alinedupasquier.info\/en\/?s={search_term_string}"},"query-input":{"@type":"PropertyValueSpecification","valueRequired":true,"valueName":"search_term_string"}}],"inLanguage":"fr-FR"},{"@type":["Person","Organization"],"@id":"https:\/\/alinedupasquier.info\/en\/#\/schema\/person\/d4f0e1e57034da64a5601c8fd4702c92","name":"Aline Du Pasquier","image":{"@type":"ImageObject","inLanguage":"fr-FR","@id":"https:\/\/secure.gravatar.com\/avatar\/048959dd99598e7c7d82135ad22edaeb60d29e3e7bcb8c19ec9a7076eafa884d?s=96&d=mm&r=g","url":"https:\/\/secure.gravatar.com\/avatar\/048959dd99598e7c7d82135ad22edaeb60d29e3e7bcb8c19ec9a7076eafa884d?s=96&d=mm&r=g","contentUrl":"https:\/\/secure.gravatar.com\/avatar\/048959dd99598e7c7d82135ad22edaeb60d29e3e7bcb8c19ec9a7076eafa884d?s=96&d=mm&r=g","caption":"Aline Du Pasquier"},"logo":{"@id":"https:\/\/secure.gravatar.com\/avatar\/048959dd99598e7c7d82135ad22edaeb60d29e3e7bcb8c19ec9a7076eafa884d?s=96&d=mm&r=g"},"sameAs":["https:\/\/alinedupasquier.info"]}]}},"_links":{"self":[{"href":"https:\/\/alinedupasquier.info\/fr\/wp-json\/wp\/v2\/pages\/156","targetHints":{"allow":["GET"]}}],"collection":[{"href":"https:\/\/alinedupasquier.info\/fr\/wp-json\/wp\/v2\/pages"}],"about":[{"href":"https:\/\/alinedupasquier.info\/fr\/wp-json\/wp\/v2\/types\/page"}],"author":[{"embeddable":true,"href":"https:\/\/alinedupasquier.info\/fr\/wp-json\/wp\/v2\/users\/1"}],"replies":[{"embeddable":true,"href":"https:\/\/alinedupasquier.info\/fr\/wp-json\/wp\/v2\/comments?post=156"}],"version-history":[{"count":1,"href":"https:\/\/alinedupasquier.info\/fr\/wp-json\/wp\/v2\/pages\/156\/revisions"}],"predecessor-version":[{"id":2565,"href":"https:\/\/alinedupasquier.info\/fr\/wp-json\/wp\/v2\/pages\/156\/revisions\/2565"}],"wp:attachment":[{"href":"https:\/\/alinedupasquier.info\/fr\/wp-json\/wp\/v2\/media?parent=156"}],"curies":[{"name":"wp","href":"https:\/\/api.w.org\/{rel}","templated":true}]}}